{"id":315,"date":"2025-04-14T16:28:01","date_gmt":"2025-04-14T16:28:01","guid":{"rendered":"https:\/\/saaeja.com.br\/?page_id=315"},"modified":"2025-10-03T17:57:12","modified_gmt":"2025-10-03T20:57:12","slug":"imprensa","status":"publish","type":"page","link":"https:\/\/saaeja.com.br\/?page_id=315","title":{"rendered":"NOT\u00cdCIAS"},"content":{"rendered":"\t\t<div data-elementor-type=\"wp-page\" data-elementor-id=\"315\" class=\"elementor elementor-315\">\n\t\t\t\t<div class=\"elementor-element elementor-element-1b5c9e7 e-con-full e-flex wpr-particle-no wpr-jarallax-no wpr-parallax-no wpr-sticky-section-no e-con e-parent\" data-id=\"1b5c9e7\" data-element_type=\"container\">\n\t\t\t\t<div class=\"elementor-element elementor-element-0c8f3ea elementor-widget__width-inherit elementor-widget elementor-widget-image\" data-id=\"0c8f3ea\" data-element_type=\"widget\" data-widget_type=\"image.default\">\n\t\t\t\t<div class=\"elementor-widget-container\">\n\t\t\t\t\t\t\t\t\t\t\t\t\t\t\t<img fetchpriority=\"high\" decoding=\"async\" width=\"1920\" height=\"300\" src=\"https:\/\/saaeja.com.br\/wp-content\/uploads\/2025\/08\/fale-com-o-saaeja.png\" class=\"attachment-full size-full wp-image-1568\" alt=\"\" srcset=\"https:\/\/saaeja.com.br\/wp-content\/uploads\/2025\/08\/fale-com-o-saaeja.png 1920w, https:\/\/saaeja.com.br\/wp-content\/uploads\/2025\/08\/fale-com-o-saaeja-300x47.png 300w, https:\/\/saaeja.com.br\/wp-content\/uploads\/2025\/08\/fale-com-o-saaeja-1024x160.png 1024w, https:\/\/saaeja.com.br\/wp-content\/uploads\/2025\/08\/fale-com-o-saaeja-768x120.png 768w, https:\/\/saaeja.com.br\/wp-content\/uploads\/2025\/08\/fale-com-o-saaeja-1536x240.png 1536w\" sizes=\"(max-width: 1920px) 100vw, 1920px\" \/>\t\t\t\t\t\t\t\t\t\t\t\t\t\t\t<\/div>\n\t\t\t\t<\/div>\n\t\t\t\t<\/div>\n\t\t<div class=\"elementor-element elementor-element-080e72e e-flex e-con-boxed wpr-particle-no wpr-jarallax-no wpr-parallax-no wpr-sticky-section-no e-con e-parent\" data-id=\"080e72e\" data-element_type=\"container\" data-settings=\"{&quot;background_background&quot;:&quot;classic&quot;}\">\n\t\t\t\t\t<div class=\"e-con-inner\">\n\t\t\t\t<div class=\"elementor-element elementor-element-0dc29bc title_position_default title_hover_border_default title-default img_hover_animation_default grid-hover-overlay-type-always tpg-el-box-border-enable tpg-border-bottom-disable elementor-widget elementor-widget-tpg-grid-layout\" data-id=\"0dc29bc\" data-element_type=\"widget\" data-widget_type=\"tpg-grid-layout.default\">\n\t\t\t\t<div class=\"elementor-widget-container\">\n\t\t\t\t\t\t\t<div class=\"rt-container-fluid rt-tpg-container tpg-el-main-wrapper clearfix grid-layout1-main \"\n\t\t\t id=\"rt-tpg-container-1020371820\"\n\t\t\t data-layout=\"grid-layout1\"\n\t\t\t data-grid-style=\"tpg-full-height\"\n\t\t\t data-sc-id=\"elementor\"\n\t\t\t data-el-settings=''\n\t\t\t data-el-query=''\n\t\t\t data-el-path=''\n\t\t>\n\t\t\t\t\t\t<div class='tpg-header-wrapper '>\n\t\t\t\t\t\t\t<\/div>\n\n\t\t\t<div data-title=\"Loading ...\" class=\"rt-row rt-content-loader grid-layout1 grid-behaviour tpg-full-height grid_layout_wrapper\">\n\t\t\t\t<div class=\"rt-col-md-3 rt-col-sm-6 rt-col-xs-12 default rt-grid-item post-1920 post type-post status-publish format-standard hentry category-noticias\"        data-id=\"1920\">\n    <div class=\"rt-holder tpg-post-holder \">\n        <div class=\"rt-detail rt-el-content-wrapper\">\n\t\t\t                <div class=\"rt-img-holder tpg-el-image-wrap has-no-thumbnail\">\n\t\t\t\t\t<a data-id=\"1920\" href=\"https:\/\/saaeja.com.br\/?p=1920\" class=\"tpg-post-link\" target=\"_self\">\t\t\n\t\t<\/a>\n\t\t        <div class=\"overlay grid-hover-content\"><\/div>\n\t\t                <\/div>\n\t\t\t\n\t\t\t<div class=\"entry-title-wrapper\"><h3 class=\"entry-title\"><a data-id=\"1920\" href=\"https:\/\/saaeja.com.br\/?p=1920\" class=\"tpg-post-link\" target=\"_self\">Comunicado SAAEJA<\/a><\/h3><\/div>\n\t\t\t\n\n\t\t\t                <div class=\"tpg-excerpt tpg-el-excerpt\">\n\t\t\t\t\t                        <div class=\"tpg-excerpt-inner\">\n\t\t\t\t\t\t\t...                        <\/div>\n\t\t\t\t\t\t\t\t\t\t                <\/div>\n\t\t\t\n\t\t\t        <\/div>\n    <\/div>\n<\/div>\n<div class=\"rt-col-md-3 rt-col-sm-6 rt-col-xs-12 default rt-grid-item post-2648 post type-post status-publish format-standard has-post-thumbnail hentry category-noticias\"        data-id=\"2648\">\n    <div class=\"rt-holder tpg-post-holder \">\n        <div class=\"rt-detail rt-el-content-wrapper\">\n\t\t\t                <div class=\"rt-img-holder tpg-el-image-wrap has-thumbnail\">\n\t\t\t\t\t<a data-id=\"2648\" href=\"https:\/\/saaeja.com.br\/?p=2648\" class=\"tpg-post-link\" target=\"_self\">                        <img decoding=\"async\" src=\"https:\/\/saaeja.com.br\/wp-content\/uploads\/2026\/04\/whatsapp-image-2026-04-02-at-23.56.57-768x576.jpeg\"\n                             class=\"rt-img-responsive\"\n                             width=\"768\"\n                             height=\"576\"\n                             alt=\"SAAEJA realiza reaplica\u00e7\u00e3o dos servi\u00e7os de dedetiza\u00e7\u00e3o e desratiza\u00e7\u00e3o no sistema de esgotamento sanit\u00e1rio em Jaguari\u00fana.\">\n\t\t\t\t\t\t\n\t\t\t\t\t\t\t\n\t\t<\/a>\n\t\t        <div class=\"overlay grid-hover-content\"><\/div>\n\t\t                <\/div>\n\t\t\t\n\t\t\t<div class=\"entry-title-wrapper\"><h3 class=\"entry-title\"><a data-id=\"2648\" href=\"https:\/\/saaeja.com.br\/?p=2648\" class=\"tpg-post-link\" target=\"_self\">SAAEJA realiza reaplica\u00e7\u00e3o dos servi\u00e7os de dedetiza\u00e7\u00e3o e desratiza\u00e7\u00e3o no sistema de esgotamento sanit\u00e1rio em Jaguari\u00fana.<\/a><\/h3><\/div>\n\t\t\t\n\n\t\t\t                <div class=\"tpg-excerpt tpg-el-excerpt\">\n\t\t\t\t\t                        <div class=\"tpg-excerpt-inner\">\n\t\t\t\t\t\t\tO Servi\u00e7o Aut\u00f4nomo de \u00c1gua e Esgoto (SAAEJA) deu in\u00edcio na segunda-feira \u00e0 reaplica\u00e7\u00e3o do servi\u00e7o de dedetiza\u00e7\u00e3o em todo o sistema de esgotamento sanit\u00e1rio do munic\u00edpio. Al\u00e9m disso, a autarquia tamb\u00e9m...                        <\/div>\n\t\t\t\t\t\t\t\t\t\t                <\/div>\n\t\t\t\n\t\t\t        <\/div>\n    <\/div>\n<\/div>\n<div class=\"rt-col-md-3 rt-col-sm-6 rt-col-xs-12 default rt-grid-item post-2645 post type-post status-publish format-standard has-post-thumbnail hentry category-noticias\"        data-id=\"2645\">\n    <div class=\"rt-holder tpg-post-holder \">\n        <div class=\"rt-detail rt-el-content-wrapper\">\n\t\t\t                <div class=\"rt-img-holder tpg-el-image-wrap has-thumbnail\">\n\t\t\t\t\t<a data-id=\"2645\" href=\"https:\/\/saaeja.com.br\/?p=2645\" class=\"tpg-post-link\" target=\"_self\">                        <img decoding=\"async\" src=\"https:\/\/saaeja.com.br\/wp-content\/uploads\/2026\/04\/whatsapp-image-2026-04-02-at-23.54.25-768x576.jpeg\"\n                             class=\"rt-img-responsive\"\n                             width=\"768\"\n                             height=\"576\"\n                             alt=\"SAAEJA recebe Ouvidoria da ARES-PCJ e refor\u00e7a compromisso com a transpar\u00eancia e o atendimento \u00e0 popula\u00e7\u00e3o\">\n\t\t\t\t\t\t\n\t\t\t\t\t\t\t\n\t\t<\/a>\n\t\t        <div class=\"overlay grid-hover-content\"><\/div>\n\t\t                <\/div>\n\t\t\t\n\t\t\t<div class=\"entry-title-wrapper\"><h3 class=\"entry-title\"><a data-id=\"2645\" href=\"https:\/\/saaeja.com.br\/?p=2645\" class=\"tpg-post-link\" target=\"_self\">SAAEJA recebe Ouvidoria da ARES-PCJ e refor\u00e7a compromisso com a transpar\u00eancia e o atendimento \u00e0 popula\u00e7\u00e3o<\/a><\/h3><\/div>\n\t\t\t\n\n\t\t\t                <div class=\"tpg-excerpt tpg-el-excerpt\">\n\t\t\t\t\t                        <div class=\"tpg-excerpt-inner\">\n\t\t\t\t\t\t\tO Servi\u00e7o Aut\u00f4nomo de \u00c1gua e Esgoto de Jaguari\u00fana (SAAEJA) recebeu, nesta ter\u00e7a-feira (31), a equipe da Ouvidoria da Ag\u00eancia Reguladora dos Servi\u00e7os de Saneamento das Bacias dos Rios Piracicaba...                        <\/div>\n\t\t\t\t\t\t\t\t\t\t                <\/div>\n\t\t\t\n\t\t\t        <\/div>\n    <\/div>\n<\/div>\n<div class=\"rt-col-md-3 rt-col-sm-6 rt-col-xs-12 default rt-grid-item post-2642 post type-post status-publish format-standard has-post-thumbnail hentry category-noticias\"        data-id=\"2642\">\n    <div class=\"rt-holder tpg-post-holder \">\n        <div class=\"rt-detail rt-el-content-wrapper\">\n\t\t\t                <div class=\"rt-img-holder tpg-el-image-wrap has-thumbnail\">\n\t\t\t\t\t<a data-id=\"2642\" href=\"https:\/\/saaeja.com.br\/?p=2642\" class=\"tpg-post-link\" target=\"_self\">                        <img loading=\"lazy\" decoding=\"async\" src=\"https:\/\/saaeja.com.br\/wp-content\/uploads\/2026\/04\/whatsapp-image-2026-04-02-at-23.36.57-768x1152.jpeg\"\n                             class=\"rt-img-responsive\"\n                             width=\"768\"\n                             height=\"1152\"\n                             alt=\"SAAEJA Amplia atendimento digital e lan\u00e7a servi\u00e7os via Whatsapp\">\n\t\t\t\t\t\t\n\t\t\t\t\t\t\t\n\t\t<\/a>\n\t\t        <div class=\"overlay grid-hover-content\"><\/div>\n\t\t                <\/div>\n\t\t\t\n\t\t\t<div class=\"entry-title-wrapper\"><h3 class=\"entry-title\"><a data-id=\"2642\" href=\"https:\/\/saaeja.com.br\/?p=2642\" class=\"tpg-post-link\" target=\"_self\">SAAEJA Amplia atendimento digital e lan\u00e7a servi\u00e7os via Whatsapp<\/a><\/h3><\/div>\n\t\t\t\n\n\t\t\t                <div class=\"tpg-excerpt tpg-el-excerpt\">\n\t\t\t\t\t                        <div class=\"tpg-excerpt-inner\">\n\t\t\t\t\t\t\tA popula\u00e7\u00e3o de Jaguari\u00fana agora conta com mais facilidade e agilidade para acessar os servi\u00e7os de \u00e1gua e esgoto. O Servi\u00e7o Aut\u00f4nomo de \u00c1gua e Esgoto de Jaguari\u00fana (SAAEJA) lan\u00e7ou um novo canal de...                        <\/div>\n\t\t\t\t\t\t\t\t\t\t                <\/div>\n\t\t\t\n\t\t\t        <\/div>\n    <\/div>\n<\/div>\n<div class=\"rt-col-md-3 rt-col-sm-6 rt-col-xs-12 default rt-grid-item post-2633 post type-post status-publish format-standard has-post-thumbnail hentry category-noticias\"        data-id=\"2633\">\n    <div class=\"rt-holder tpg-post-holder \">\n        <div class=\"rt-detail rt-el-content-wrapper\">\n\t\t\t                <div class=\"rt-img-holder tpg-el-image-wrap has-thumbnail\">\n\t\t\t\t\t<a data-id=\"2633\" href=\"https:\/\/saaeja.com.br\/?p=2633\" class=\"tpg-post-link\" target=\"_self\">                        <img loading=\"lazy\" decoding=\"async\" src=\"https:\/\/saaeja.com.br\/wp-content\/uploads\/2026\/04\/whatsapp-image-2026-04-02-at-23.44.06-768x576.jpeg\"\n                             class=\"rt-img-responsive\"\n                             width=\"768\"\n                             height=\"576\"\n                             alt=\"Obra da nova ETA Camanducaia entra na fase de montagem dos tanques\">\n\t\t\t\t\t\t\n\t\t\t\t\t\t\t\n\t\t<\/a>\n\t\t        <div class=\"overlay grid-hover-content\"><\/div>\n\t\t                <\/div>\n\t\t\t\n\t\t\t<div class=\"entry-title-wrapper\"><h3 class=\"entry-title\"><a data-id=\"2633\" href=\"https:\/\/saaeja.com.br\/?p=2633\" class=\"tpg-post-link\" target=\"_self\">Obra da nova ETA Camanducaia entra na fase de montagem dos tanques<\/a><\/h3><\/div>\n\t\t\t\n\n\t\t\t                <div class=\"tpg-excerpt tpg-el-excerpt\">\n\t\t\t\t\t                        <div class=\"tpg-excerpt-inner\">\n\t\t\t\t\t\t\tA obra da nova Esta\u00e7\u00e3o de Tratamento de \u00c1gua (ETA) no Rio Camanducaia entrou em nova etapa de trabalhos. Realizada pela Prefeitura de Jaguari\u00fana, por meio do Servi\u00e7o Aut\u00f4nomo de \u00c1gua e Esgoto de...                        <\/div>\n\t\t\t\t\t\t\t\t\t\t                <\/div>\n\t\t\t\n\t\t\t        <\/div>\n    <\/div>\n<\/div>\n<div class=\"rt-col-md-3 rt-col-sm-6 rt-col-xs-12 default rt-grid-item post-2630 post type-post status-publish format-standard has-post-thumbnail hentry category-noticias\"        data-id=\"2630\">\n    <div class=\"rt-holder tpg-post-holder \">\n        <div class=\"rt-detail rt-el-content-wrapper\">\n\t\t\t                <div class=\"rt-img-holder tpg-el-image-wrap has-thumbnail\">\n\t\t\t\t\t<a data-id=\"2630\" href=\"https:\/\/saaeja.com.br\/?p=2630\" class=\"tpg-post-link\" target=\"_self\">                        <img loading=\"lazy\" decoding=\"async\" src=\"https:\/\/saaeja.com.br\/wp-content\/uploads\/2026\/04\/whatsapp-image-2026-04-02-at-23.31.23-1-768x576.jpeg\"\n                             class=\"rt-img-responsive\"\n                             width=\"768\"\n                             height=\"576\"\n                             alt=\"Diretor da ARES-PCJ realiza visita t\u00e9cnica ao SAAEJA em Jaguari\u00fana\">\n\t\t\t\t\t\t\n\t\t\t\t\t\t\t\n\t\t<\/a>\n\t\t        <div class=\"overlay grid-hover-content\"><\/div>\n\t\t                <\/div>\n\t\t\t\n\t\t\t<div class=\"entry-title-wrapper\"><h3 class=\"entry-title\"><a data-id=\"2630\" href=\"https:\/\/saaeja.com.br\/?p=2630\" class=\"tpg-post-link\" target=\"_self\">Diretor da ARES-PCJ realiza visita t\u00e9cnica ao SAAEJA em Jaguari\u00fana<\/a><\/h3><\/div>\n\t\t\t\n\n\t\t\t                <div class=\"tpg-excerpt tpg-el-excerpt\">\n\t\t\t\t\t                        <div class=\"tpg-excerpt-inner\">\n\t\t\t\t\t\t\tO Servi\u00e7o Aut\u00f4nomo de \u00c1gua e Esgoto de Jaguari\u00fana (SAAEJA) recebeu, nesta semana, a visita do diretor da ARES-PCJ, Dalto Favero Brochi, que \u00e9 o Diretor Geral da ARES-PCJ (Ag\u00eancia Reguladora dos...                        <\/div>\n\t\t\t\t\t\t\t\t\t\t                <\/div>\n\t\t\t\n\t\t\t        <\/div>\n    <\/div>\n<\/div>\n<div class=\"rt-col-md-3 rt-col-sm-6 rt-col-xs-12 default rt-grid-item post-2612 post type-post status-publish format-standard has-post-thumbnail hentry category-noticias\"        data-id=\"2612\">\n    <div class=\"rt-holder tpg-post-holder \">\n        <div class=\"rt-detail rt-el-content-wrapper\">\n\t\t\t                <div class=\"rt-img-holder tpg-el-image-wrap has-thumbnail\">\n\t\t\t\t\t<a data-id=\"2612\" href=\"https:\/\/saaeja.com.br\/?p=2612\" class=\"tpg-post-link\" target=\"_self\">                        <img loading=\"lazy\" decoding=\"async\" src=\"https:\/\/saaeja.com.br\/wp-content\/uploads\/2026\/04\/whatsapp-image-2026-04-02-at-23.03.02-768x1237.jpeg\"\n                             class=\"rt-img-responsive\"\n                             width=\"768\"\n                             height=\"1237\"\n                             alt=\"Presen\u00e7a, dedica\u00e7\u00e3o e compromisso: as mulheres do SAAEJA\">\n\t\t\t\t\t\t\n\t\t\t\t\t\t\t\n\t\t<\/a>\n\t\t        <div class=\"overlay grid-hover-content\"><\/div>\n\t\t                <\/div>\n\t\t\t\n\t\t\t<div class=\"entry-title-wrapper\"><h3 class=\"entry-title\"><a data-id=\"2612\" href=\"https:\/\/saaeja.com.br\/?p=2612\" class=\"tpg-post-link\" target=\"_self\">Presen\u00e7a, dedica\u00e7\u00e3o e compromisso: as mulheres do SAAEJA<\/a><\/h3><\/div>\n\t\t\t\n\n\t\t\t                <div class=\"tpg-excerpt tpg-el-excerpt\">\n\t\t\t\t\t                        <div class=\"tpg-excerpt-inner\">\n\t\t\t\t\t\t\tAs mulheres t\u00eam papel fundamental no funcionamento e no desenvolvimento do Servi\u00e7o Aut\u00f4nomo de \u00c1gua e Esgoto de Jaguari\u00fana (SAAEJA). Com dedica\u00e7\u00e3o, compet\u00eancia e sensibilidade, elas atuam em...                        <\/div>\n\t\t\t\t\t\t\t\t\t\t                <\/div>\n\t\t\t\n\t\t\t        <\/div>\n    <\/div>\n<\/div>\n<div class=\"rt-col-md-3 rt-col-sm-6 rt-col-xs-12 default rt-grid-item post-2606 post type-post status-publish format-standard has-post-thumbnail hentry category-noticias\"        data-id=\"2606\">\n    <div class=\"rt-holder tpg-post-holder \">\n        <div class=\"rt-detail rt-el-content-wrapper\">\n\t\t\t                <div class=\"rt-img-holder tpg-el-image-wrap has-thumbnail\">\n\t\t\t\t\t<a data-id=\"2606\" href=\"https:\/\/saaeja.com.br\/?p=2606\" class=\"tpg-post-link\" target=\"_self\">                        <img loading=\"lazy\" decoding=\"async\" src=\"https:\/\/saaeja.com.br\/wp-content\/uploads\/2026\/04\/whatsapp-image-2026-04-02-at-21.29.52-1-768x576.jpeg\"\n                             class=\"rt-img-responsive\"\n                             width=\"768\"\n                             height=\"576\"\n                             alt=\"SAAEJA participa da abertura do projeto \u201cGota d\u2019\u00c1gua\u201d do PCJ em Piracicaba\">\n\t\t\t\t\t\t\n\t\t\t\t\t\t\t\n\t\t<\/a>\n\t\t        <div class=\"overlay grid-hover-content\"><\/div>\n\t\t                <\/div>\n\t\t\t\n\t\t\t<div class=\"entry-title-wrapper\"><h3 class=\"entry-title\"><a data-id=\"2606\" href=\"https:\/\/saaeja.com.br\/?p=2606\" class=\"tpg-post-link\" target=\"_self\">SAAEJA participa da abertura do projeto \u201cGota d\u2019\u00c1gua\u201d do PCJ em Piracicaba<\/a><\/h3><\/div>\n\t\t\t\n\n\t\t\t                <div class=\"tpg-excerpt tpg-el-excerpt\">\n\t\t\t\t\t                        <div class=\"tpg-excerpt-inner\">\n\t\t\t\t\t\t\tO Servi\u00e7o Aut\u00f4nomo de \u00c1gua e Esgoto de Jaguari\u00fana (SAAEJA) participou, no dia 25 de fevereiro, da abertura do projeto \u201cGota d\u2019\u00c1gua\u201d, promovido pelo Comit\u00eas PCJ, no munic\u00edpio de Piracicaba. A...                        <\/div>\n\t\t\t\t\t\t\t\t\t\t                <\/div>\n\t\t\t\n\t\t\t        <\/div>\n    <\/div>\n<\/div>\n\t\t\t<\/div>\n\t\t\t<div class='rt-pagination-wrap' data-total-pages='5' data-posts-per-page='8' data-type='pagination'><div class=\"rt-pagination\"><ul class=\"pagination-list\"><li class=\"active\"><span>1<\/span><\/li><li><a data-paged='2' href='https:\/\/saaeja.com.br\/index.php?rest_route=%2Fwp%2Fv2%2Fpages%2F315&#038;paged=2'>2<\/a><\/li><li><a data-paged='3' href='https:\/\/saaeja.com.br\/index.php?rest_route=%2Fwp%2Fv2%2Fpages%2F315&#038;paged=3'>3<\/a><\/li><li><a data-paged='4' href='https:\/\/saaeja.com.br\/index.php?rest_route=%2Fwp%2Fv2%2Fpages%2F315&#038;paged=4'>4<\/a><\/li><li><a data-paged='5' href='https:\/\/saaeja.com.br\/index.php?rest_route=%2Fwp%2Fv2%2Fpages%2F315&#038;paged=5'>5<\/a><\/li><\/ul><\/div><\/div>\n\t\t<\/div>\n\t\t\t\t\t\t<\/div>\n\t\t\t\t<\/div>\n\t\t\t\t\t<\/div>\n\t\t\t\t<\/div>\n\t\t<div class=\"elementor-element elementor-element-9e3820f e-flex e-con-boxed wpr-particle-no wpr-jarallax-no wpr-parallax-no wpr-sticky-section-no e-con e-parent\" data-id=\"9e3820f\" data-element_type=\"container\">\n\t\t\t\t\t<div class=\"e-con-inner\">\n\t\t\t\t<div class=\"elementor-element elementor-element-2fc2bb4 elementor-widget__width-initial elementor-widget elementor-widget-text-editor\" data-id=\"2fc2bb4\" data-element_type=\"widget\" data-widget_type=\"text-editor.default\">\n\t\t\t\t<div class=\"elementor-widget-container\">\n\t\t\t\t\t\t\t\t\t<p>O SAAEJA\u00a0est\u00e1 todos os dias com voc\u00ea, fazendo parte da sua vida. Caso precise entrar em contato com nossa equipe de imprensa, nos envie um e-mail.<\/p>\t\t\t\t\t\t\t\t<\/div>\n\t\t\t\t<\/div>\n\t\t\t\t\t<\/div>\n\t\t\t\t<\/div>\n\t\t<div class=\"elementor-element elementor-element-0a67077 e-flex e-con-boxed wpr-particle-no wpr-jarallax-no wpr-parallax-no wpr-sticky-section-no e-con e-parent\" data-id=\"0a67077\" data-element_type=\"container\">\n\t\t\t\t\t<div class=\"e-con-inner\">\n\t\t<div class=\"elementor-element elementor-element-16d3474 e-con-full e-flex wpr-particle-no wpr-jarallax-no wpr-parallax-no wpr-sticky-section-no e-con e-child\" data-id=\"16d3474\" data-element_type=\"container\">\n\t\t\t\t<div class=\"elementor-element elementor-element-7c53c9d elementor-widget elementor-widget-text-editor\" data-id=\"7c53c9d\" data-element_type=\"widget\" data-widget_type=\"text-editor.default\">\n\t\t\t\t<div class=\"elementor-widget-container\">\n\t\t\t\t\t\t\t\t\t<h4><strong>Assessoria de imprensa<\/strong><\/h4>\t\t\t\t\t\t\t\t<\/div>\n\t\t\t\t<\/div>\n\t\t\t\t<div class=\"elementor-element elementor-element-c479b51 elementor-widget elementor-widget-text-editor\" data-id=\"c479b51\" data-element_type=\"widget\" data-widget_type=\"text-editor.default\">\n\t\t\t\t<div class=\"elementor-widget-container\">\n\t\t\t\t\t\t\t\t\t<p>imprensa@saaeja.com.br<\/p><p>Segunda a sexta-feira<\/p><p>08:00 \u00e1s 16:00<\/p>\t\t\t\t\t\t\t\t<\/div>\n\t\t\t\t<\/div>\n\t\t\t\t<\/div>\n\t\t<div class=\"elementor-element elementor-element-74058bc e-con-full e-flex wpr-particle-no wpr-jarallax-no wpr-parallax-no wpr-sticky-section-no e-con e-child\" data-id=\"74058bc\" data-element_type=\"container\">\n\t\t\t\t<div class=\"elementor-element elementor-element-55e8d5e elementor-widget__width-inherit elementor-widget elementor-widget-image\" data-id=\"55e8d5e\" data-element_type=\"widget\" data-widget_type=\"image.default\">\n\t\t\t\t<div class=\"elementor-widget-container\">\n\t\t\t\t\t\t\t\t\t\t\t\t\t\t\t<img loading=\"lazy\" decoding=\"async\" width=\"300\" height=\"500\" src=\"https:\/\/saaeja.com.br\/wp-content\/uploads\/2025\/04\/CAIXA_IMPRENSA.png\" class=\"attachment-2048x2048 size-2048x2048 wp-image-498\" alt=\"\" srcset=\"https:\/\/saaeja.com.br\/wp-content\/uploads\/2025\/04\/CAIXA_IMPRENSA.png 300w, https:\/\/saaeja.com.br\/wp-content\/uploads\/2025\/04\/CAIXA_IMPRENSA-180x300.png 180w\" sizes=\"(max-width: 300px) 100vw, 300px\" \/>\t\t\t\t\t\t\t\t\t\t\t\t\t\t\t<\/div>\n\t\t\t\t<\/div>\n\t\t\t\t<\/div>\n\t\t\t\t\t<\/div>\n\t\t\t\t<\/div>\n\t\t\t\t<\/div>\n\t\t","protected":false},"excerpt":{"rendered":"<p>Para d\u00favidas, problemas no abastecimento ou relatos de rompimentos na rede de \u00e1gua na cidade, entre em contato com o SAAEJA<\/p>\n","protected":false},"author":1,"featured_media":0,"parent":0,"menu_order":0,"comment_status":"closed","ping_status":"closed","template":"","meta":{"pagelayer_contact_templates":[],"_pagelayer_content":"","footnotes":""},"class_list":["post-315","page","type-page","status-publish","hentry"],"rttpg_featured_image_url":null,"rttpg_author":{"display_name":"admin","author_link":"https:\/\/saaeja.com.br\/?author=1"},"rttpg_comment":0,"rttpg_category":"","rttpg_excerpt":"Para d\u00favidas, problemas no abastecimento ou relatos de rompimentos na rede de \u00e1gua na cidade, entre em contato com o SAAEJA","_links":{"self":[{"href":"https:\/\/saaeja.com.br\/index.php?rest_route=\/wp\/v2\/pages\/315","targetHints":{"allow":["GET"]}}],"collection":[{"href":"https:\/\/saaeja.com.br\/index.php?rest_route=\/wp\/v2\/pages"}],"about":[{"href":"https:\/\/saaeja.com.br\/index.php?rest_route=\/wp\/v2\/types\/page"}],"author":[{"embeddable":true,"href":"https:\/\/saaeja.com.br\/index.php?rest_route=\/wp\/v2\/users\/1"}],"replies":[{"embeddable":true,"href":"https:\/\/saaeja.com.br\/index.php?rest_route=%2Fwp%2Fv2%2Fcomments&post=315"}],"version-history":[{"count":111,"href":"https:\/\/saaeja.com.br\/index.php?rest_route=\/wp\/v2\/pages\/315\/revisions"}],"predecessor-version":[{"id":1885,"href":"https:\/\/saaeja.com.br\/index.php?rest_route=\/wp\/v2\/pages\/315\/revisions\/1885"}],"wp:attachment":[{"href":"https:\/\/saaeja.com.br\/index.php?rest_route=%2Fwp%2Fv2%2Fmedia&parent=315"}],"curies":[{"name":"wp","href":"https:\/\/api.w.org\/{rel}","templated":true}]}}