{"id":19,"date":"2025-04-09T22:00:39","date_gmt":"2025-04-09T22:00:39","guid":{"rendered":"https:\/\/saaeja.com.br\/?page_id=19"},"modified":"2025-08-19T22:07:28","modified_gmt":"2025-08-20T01:07:28","slug":"ouvidoria","status":"publish","type":"page","link":"https:\/\/saaeja.com.br\/?page_id=19","title":{"rendered":"OUVIDORIA"},"content":{"rendered":"<p><img fetchpriority=\"high\" decoding=\"async\" width=\"1920\" height=\"300\" src=\"https:\/\/saaeja.com.br\/wp-content\/uploads\/2025\/08\/3.webp\" alt=\"OUVIDORIA - SAEEJA\" srcset=\"https:\/\/saaeja.com.br\/wp-content\/uploads\/2025\/08\/3.webp 1920w, https:\/\/saaeja.com.br\/wp-content\/uploads\/2025\/08\/3-300x47.webp 300w, https:\/\/saaeja.com.br\/wp-content\/uploads\/2025\/08\/3-1024x160.webp 1024w, https:\/\/saaeja.com.br\/wp-content\/uploads\/2025\/08\/3-768x120.webp 768w, https:\/\/saaeja.com.br\/wp-content\/uploads\/2025\/08\/3-1536x240.webp 1536w\" sizes=\"(max-width: 1920px) 100vw, 1920px\" \/>\t\t\t\t\t\t\t\t\t\t\t\t\t\t\t<\/p>\n<p>O SAAEJA est\u00e1 todos os dias com voc\u00ea, fazendo parte da sua vida. A qualidade dos servi\u00e7os e o respeito ao meio ambiente s\u00e3o nossos maiores compromissos.<\/p>\n<p>Tem alguma reclama\u00e7\u00e3o, den\u00fancia ou sugest\u00e3o? Preencha o formul\u00e1rio abaixo e retornaremos o mais breve poss\u00edvel.<\/p>\n<p>\t\t<!----------------------------- \n\t\t\t* controls_data : find the the props passed indie of data attribute\n\t\t\t* props.SubmitResponseMarkup : contains the markup of error or success message\n\t\t\t* https:\/\/developer.mozilla.org\/en-US\/docs\/Web\/JavaScript\/Reference\/Template_literals\n\t\t--------------------------- --><\/p>\n","protected":false},"excerpt":{"rendered":"<p>Para d\u00favidas, problemas no abastecimento ou relatos de rompimentos na rede de \u00e1gua na cidade, entre em contato com o SAAEJA<\/p>\n","protected":false},"author":1,"featured_media":0,"parent":0,"menu_order":0,"comment_status":"closed","ping_status":"closed","template":"","meta":{"pagelayer_contact_templates":[],"_pagelayer_content":"","footnotes":""},"class_list":["post-19","page","type-page","status-publish","hentry"],"rttpg_featured_image_url":null,"rttpg_author":{"display_name":"admin","author_link":"https:\/\/saaeja.com.br\/?author=1"},"rttpg_comment":0,"rttpg_category":null,"rttpg_excerpt":"Para d\u00favidas, problemas no abastecimento ou relatos de rompimentos na rede de \u00e1gua na cidade, entre em contato com o SAAEJA","_links":{"self":[{"href":"https:\/\/saaeja.com.br\/index.php?rest_route=\/wp\/v2\/pages\/19","targetHints":{"allow":["GET"]}}],"collection":[{"href":"https:\/\/saaeja.com.br\/index.php?rest_route=\/wp\/v2\/pages"}],"about":[{"href":"https:\/\/saaeja.com.br\/index.php?rest_route=\/wp\/v2\/types\/page"}],"author":[{"embeddable":true,"href":"https:\/\/saaeja.com.br\/index.php?rest_route=\/wp\/v2\/users\/1"}],"replies":[{"embeddable":true,"href":"https:\/\/saaeja.com.br\/index.php?rest_route=%2Fwp%2Fv2%2Fcomments&post=19"}],"version-history":[{"count":32,"href":"https:\/\/saaeja.com.br\/index.php?rest_route=\/wp\/v2\/pages\/19\/revisions"}],"predecessor-version":[{"id":1338,"href":"https:\/\/saaeja.com.br\/index.php?rest_route=\/wp\/v2\/pages\/19\/revisions\/1338"}],"wp:attachment":[{"href":"https:\/\/saaeja.com.br\/index.php?rest_route=%2Fwp%2Fv2%2Fmedia&parent=19"}],"curies":[{"name":"wp","href":"https:\/\/api.w.org\/{rel}","templated":true}]}}