{"id":11,"date":"2025-04-09T21:58:19","date_gmt":"2025-04-09T21:58:19","guid":{"rendered":"https:\/\/saaeja.com.br\/?page_id=11"},"modified":"2025-10-20T16:34:44","modified_gmt":"2025-10-20T19:34:44","slug":"saaeja","status":"publish","type":"page","link":"https:\/\/saaeja.com.br\/?page_id=11","title":{"rendered":"SAAEJA"},"content":{"rendered":"\t\t<div data-elementor-type=\"wp-page\" data-elementor-id=\"11\" class=\"elementor elementor-11\">\n\t\t\t\t<div class=\"elementor-element elementor-element-7396910 e-con-full e-flex wpr-particle-no wpr-jarallax-no wpr-parallax-no wpr-sticky-section-no e-con e-parent\" data-id=\"7396910\" data-element_type=\"container\" data-settings=\"{&quot;background_background&quot;:&quot;classic&quot;}\">\n\t\t\t\t<div class=\"elementor-element elementor-element-c1b1841 elementor-widget__width-inherit elementor-widget elementor-widget-image\" data-id=\"c1b1841\" data-element_type=\"widget\" data-widget_type=\"image.default\">\n\t\t\t\t<div class=\"elementor-widget-container\">\n\t\t\t\t\t\t\t\t\t\t\t\t\t\t\t<img fetchpriority=\"high\" decoding=\"async\" width=\"1920\" height=\"300\" src=\"https:\/\/saaeja.com.br\/wp-content\/uploads\/2025\/10\/saaeja-banner.webp\" class=\"attachment-full size-full wp-image-1956\" alt=\"\" srcset=\"https:\/\/saaeja.com.br\/wp-content\/uploads\/2025\/10\/saaeja-banner.webp 1920w, https:\/\/saaeja.com.br\/wp-content\/uploads\/2025\/10\/saaeja-banner-300x47.webp 300w, https:\/\/saaeja.com.br\/wp-content\/uploads\/2025\/10\/saaeja-banner-1024x160.webp 1024w, https:\/\/saaeja.com.br\/wp-content\/uploads\/2025\/10\/saaeja-banner-768x120.webp 768w, https:\/\/saaeja.com.br\/wp-content\/uploads\/2025\/10\/saaeja-banner-1536x240.webp 1536w\" sizes=\"(max-width: 1920px) 100vw, 1920px\" \/>\t\t\t\t\t\t\t\t\t\t\t\t\t\t\t<\/div>\n\t\t\t\t<\/div>\n\t\t\t\t<\/div>\n\t\t<div class=\"elementor-element elementor-element-e75fdf2 e-flex e-con-boxed wpr-particle-no wpr-jarallax-no wpr-parallax-no wpr-sticky-section-no e-con e-parent\" data-id=\"e75fdf2\" data-element_type=\"container\" data-settings=\"{&quot;background_background&quot;:&quot;classic&quot;}\">\n\t\t\t\t\t<div class=\"e-con-inner\">\n\t\t\t\t<div class=\"elementor-element elementor-element-fedb1ca elementor-widget elementor-widget-text-editor\" data-id=\"fedb1ca\" data-element_type=\"widget\" data-widget_type=\"text-editor.default\">\n\t\t\t\t<div class=\"elementor-widget-container\">\n\t\t\t\t\t\t\t\t\t<p><span style=\"color: #ffffff;\"><strong>O SAAEJA<\/strong> (Servi\u00e7o Aut\u00f4nomo de \u00c1gua e Esgoto de Jaguari\u00fana) \u00e9 a autarquia municipal respons\u00e1vel pelo abastecimento de \u00e1gua e pelo sistema de esgotamento sanit\u00e1rio em Jaguari\u00fana (SP). Criado oficialmente em janeiro de 2025, o <strong>SAAEJA<\/strong> substituiu o antigo DAE (Departamento de \u00c1gua e Esgoto), passando a atuar de forma independente da Prefeitura.<\/span><\/p><p><span style=\"color: #ffffff;\">Essa autonomia significa que o <strong>SAAEJA<\/strong> tem gest\u00e3o pr\u00f3pria, or\u00e7amento espec\u00edfico e capacidade de captar recursos estaduais e federais para investir em infraestrutura, moderniza\u00e7\u00e3o e amplia\u00e7\u00e3o dos servi\u00e7os de saneamento b\u00e1sico.<\/span><\/p><p><span style=\"color: #ffffff;\">Al\u00e9m de tratar e distribuir \u00e1gua pot\u00e1vel, o <strong>SAAEJA<\/strong> cuida da coleta e tratamento do esgoto, garantindo sa\u00fade p\u00fablica, preserva\u00e7\u00e3o ambiental e qualidade de vida para a popula\u00e7\u00e3o. A autarquia tamb\u00e9m presta atendimento direto \u00e0 comunidade, mant\u00e9m canais de ouvidoria e segue as diretrizes da ARES-PCJ, ag\u00eancia reguladora respons\u00e1vel por fiscalizar tarifas, metas de qualidade e padr\u00f5es t\u00e9cnicos.<\/span><\/p><p><span style=\"color: #ffffff;\">Desde sua cria\u00e7\u00e3o, o <strong>SAAEJA<\/strong> tem investido em obras importantes, como a instala\u00e7\u00e3o de novas adutoras, amplia\u00e7\u00e3o de reservat\u00f3rios e renova\u00e7\u00e3o de redes antigas, com foco em atender o crescimento da cidade e melhorar a efici\u00eancia do sistema de \u00e1gua e esgoto.<\/span><\/p>\t\t\t\t\t\t\t\t<\/div>\n\t\t\t\t<\/div>\n\t\t\t\t\t<\/div>\n\t\t\t\t<\/div>\n\t\t<div class=\"elementor-element elementor-element-eb932c3 e-con-full e-flex wpr-particle-no wpr-jarallax-no wpr-parallax-no wpr-sticky-section-no e-con e-parent\" data-id=\"eb932c3\" data-element_type=\"container\" data-settings=\"{&quot;background_background&quot;:&quot;classic&quot;}\">\n\t\t\t\t<div class=\"elementor-element elementor-element-8a33ce8 elementor-widget__width-inherit elementor-widget elementor-widget-image\" data-id=\"8a33ce8\" data-element_type=\"widget\" data-widget_type=\"image.default\">\n\t\t\t\t<div class=\"elementor-widget-container\">\n\t\t\t\t\t\t\t\t\t\t\t\t\t\t\t<img decoding=\"async\" width=\"2560\" height=\"197\" src=\"https:\/\/saaeja.com.br\/wp-content\/uploads\/2025\/07\/aguas-rodape-scaled.png\" class=\"attachment-full size-full wp-image-1072\" alt=\"Saaeja aguas_rodape\" srcset=\"https:\/\/saaeja.com.br\/wp-content\/uploads\/2025\/07\/aguas-rodape-scaled.png 2560w, https:\/\/saaeja.com.br\/wp-content\/uploads\/2025\/07\/aguas-rodape-300x23.png 300w, https:\/\/saaeja.com.br\/wp-content\/uploads\/2025\/07\/aguas-rodape-1024x79.png 1024w, https:\/\/saaeja.com.br\/wp-content\/uploads\/2025\/07\/aguas-rodape-768x59.png 768w, https:\/\/saaeja.com.br\/wp-content\/uploads\/2025\/07\/aguas-rodape-1536x118.png 1536w, https:\/\/saaeja.com.br\/wp-content\/uploads\/2025\/07\/aguas-rodape-2048x157.png 2048w\" sizes=\"(max-width: 2560px) 100vw, 2560px\" \/>\t\t\t\t\t\t\t\t\t\t\t\t\t\t\t<\/div>\n\t\t\t\t<\/div>\n\t\t\t\t<\/div>\n\t\t<div class=\"elementor-element elementor-element-5f9f0ec e-grid e-con-boxed wpr-particle-no wpr-jarallax-no wpr-parallax-no wpr-sticky-section-no e-con e-parent\" data-id=\"5f9f0ec\" data-element_type=\"container\" data-settings=\"{&quot;background_background&quot;:&quot;classic&quot;}\">\n\t\t\t\t\t<div class=\"e-con-inner\">\n\t\t\t\t<div class=\"elementor-element elementor-element-86ea597 elementor-widget elementor-widget-image\" data-id=\"86ea597\" data-element_type=\"widget\" data-widget_type=\"image.default\">\n\t\t\t\t<div class=\"elementor-widget-container\">\n\t\t\t\t\t\t\t\t\t\t\t\t\t\t\t<img decoding=\"async\" width=\"800\" height=\"350\" src=\"https:\/\/saaeja.com.br\/wp-content\/uploads\/2025\/07\/3.png\" class=\"attachment-1536x1536 size-1536x1536 wp-image-1056\" alt=\"Saaeja Jaguari\u00fana Tratamenmto Esgoto\" srcset=\"https:\/\/saaeja.com.br\/wp-content\/uploads\/2025\/07\/3.png 800w, https:\/\/saaeja.com.br\/wp-content\/uploads\/2025\/07\/3-300x131.png 300w, https:\/\/saaeja.com.br\/wp-content\/uploads\/2025\/07\/3-768x336.png 768w\" sizes=\"(max-width: 800px) 100vw, 800px\" \/>\t\t\t\t\t\t\t\t\t\t\t\t\t\t\t<\/div>\n\t\t\t\t<\/div>\n\t\t\t\t<div class=\"elementor-element elementor-element-3bac68f elementor-widget elementor-widget-image\" data-id=\"3bac68f\" data-element_type=\"widget\" data-widget_type=\"image.default\">\n\t\t\t\t<div class=\"elementor-widget-container\">\n\t\t\t\t\t\t\t\t\t\t\t\t\t\t\t<img loading=\"lazy\" decoding=\"async\" width=\"800\" height=\"350\" src=\"https:\/\/saaeja.com.br\/wp-content\/uploads\/2025\/07\/1.png\" class=\"attachment-large size-large wp-image-1054\" alt=\"Saaeja Jaguari\u00fana Sede\" srcset=\"https:\/\/saaeja.com.br\/wp-content\/uploads\/2025\/07\/1.png 800w, https:\/\/saaeja.com.br\/wp-content\/uploads\/2025\/07\/1-300x131.png 300w, https:\/\/saaeja.com.br\/wp-content\/uploads\/2025\/07\/1-768x336.png 768w\" sizes=\"(max-width: 800px) 100vw, 800px\" \/>\t\t\t\t\t\t\t\t\t\t\t\t\t\t\t<\/div>\n\t\t\t\t<\/div>\n\t\t\t\t<div class=\"elementor-element elementor-element-b326256 elementor-widget elementor-widget-image\" data-id=\"b326256\" data-element_type=\"widget\" data-widget_type=\"image.default\">\n\t\t\t\t<div class=\"elementor-widget-container\">\n\t\t\t\t\t\t\t\t\t\t\t\t\t\t\t<img loading=\"lazy\" decoding=\"async\" width=\"800\" height=\"350\" src=\"https:\/\/saaeja.com.br\/wp-content\/uploads\/2025\/07\/2.png\" class=\"attachment-large size-large wp-image-1055\" alt=\"Saaeja Jaguari\u00fana Rio\" srcset=\"https:\/\/saaeja.com.br\/wp-content\/uploads\/2025\/07\/2.png 800w, https:\/\/saaeja.com.br\/wp-content\/uploads\/2025\/07\/2-300x131.png 300w, https:\/\/saaeja.com.br\/wp-content\/uploads\/2025\/07\/2-768x336.png 768w\" sizes=\"(max-width: 800px) 100vw, 800px\" \/>\t\t\t\t\t\t\t\t\t\t\t\t\t\t\t<\/div>\n\t\t\t\t<\/div>\n\t\t\t\t\t<\/div>\n\t\t\t\t<\/div>\n\t\t\t\t<\/div>\n\t\t","protected":false},"excerpt":{"rendered":"<p>Para d\u00favidas, problemas no abastecimento ou relatos de rompimentos na rede de \u00e1gua na cidade, entre em contato com o SAAEJA<\/p>\n","protected":false},"author":1,"featured_media":0,"parent":0,"menu_order":2,"comment_status":"closed","ping_status":"closed","template":"","meta":{"pagelayer_contact_templates":[],"_pagelayer_content":"","footnotes":""},"class_list":["post-11","page","type-page","status-publish","hentry"],"rttpg_featured_image_url":null,"rttpg_author":{"display_name":"admin","author_link":"https:\/\/saaeja.com.br\/?author=1"},"rttpg_comment":0,"rttpg_category":null,"rttpg_excerpt":"Para d\u00favidas, problemas no abastecimento ou relatos de rompimentos na rede de \u00e1gua na cidade, entre em contato com o SAAEJA","_links":{"self":[{"href":"https:\/\/saaeja.com.br\/index.php?rest_route=\/wp\/v2\/pages\/11","targetHints":{"allow":["GET"]}}],"collection":[{"href":"https:\/\/saaeja.com.br\/index.php?rest_route=\/wp\/v2\/pages"}],"about":[{"href":"https:\/\/saaeja.com.br\/index.php?rest_route=\/wp\/v2\/types\/page"}],"author":[{"embeddable":true,"href":"https:\/\/saaeja.com.br\/index.php?rest_route=\/wp\/v2\/users\/1"}],"replies":[{"embeddable":true,"href":"https:\/\/saaeja.com.br\/index.php?rest_route=%2Fwp%2Fv2%2Fcomments&post=11"}],"version-history":[{"count":73,"href":"https:\/\/saaeja.com.br\/index.php?rest_route=\/wp\/v2\/pages\/11\/revisions"}],"predecessor-version":[{"id":1959,"href":"https:\/\/saaeja.com.br\/index.php?rest_route=\/wp\/v2\/pages\/11\/revisions\/1959"}],"wp:attachment":[{"href":"https:\/\/saaeja.com.br\/index.php?rest_route=%2Fwp%2Fv2%2Fmedia&parent=11"}],"curies":[{"name":"wp","href":"https:\/\/api.w.org\/{rel}","templated":true}]}}